{"id":835,"date":"2025-05-16T11:55:51","date_gmt":"2025-05-16T15:55:51","guid":{"rendered":"https:\/\/gadcanaribamba.gob.ec\/azuay\/?page_id=835"},"modified":"2026-04-09T16:38:10","modified_gmt":"2026-04-09T20:38:10","slug":"noticias","status":"publish","type":"page","link":"https:\/\/gadcanaribamba.gob.ec\/azuay\/?page_id=835","title":{"rendered":"Noticias"},"content":{"rendered":"<p>ESTADOS FINANCIEROS 2025 DEL GAD PARROQUIAL RURAL DE SAN SALVADOR DE CA\u00d1ARIBAMBA<\/p>\n<p>&nbsp;<\/p>\n<p>&nbsp;<\/p>\n<iframe src=\"\/\/docs.google.com\/viewer?url=https%3A%2F%2Fgadcanaribamba.gob.ec%2Fazuay%2Fwp-content%2Fuploads%2F2026%2F04%2Fbalancecomprobacion2025-signed.pdf&hl=es&embedded=true\" class=\"gde-frame\" style=\"width:100%; height:500px; border: none;\" scrolling=\"no\"><\/iframe>\n<p class=\"gde-text\"><a href=\"https:\/\/gadcanaribamba.gob.ec\/azuay\/wp-content\/uploads\/2026\/04\/balancecomprobacion2025-signed.pdf\" class=\"gde-link\">Descargar (PDF, 223KB)<\/a><\/p> <iframe src=\"\/\/docs.google.com\/viewer?url=https%3A%2F%2Fgadcanaribamba.gob.ec%2Fazuay%2Fwp-content%2Fuploads%2F2026%2F04%2Fcambiospatrimonio2025-signed-signed.pdf&hl=es&embedded=true\" class=\"gde-frame\" style=\"width:100%; height:500px; border: none;\" scrolling=\"no\"><\/iframe>\n<p class=\"gde-text\"><a href=\"https:\/\/gadcanaribamba.gob.ec\/azuay\/wp-content\/uploads\/2026\/04\/cambiospatrimonio2025-signed-signed.pdf\" class=\"gde-link\">Descargar (PDF, 153KB)<\/a><\/p> <iframe src=\"\/\/docs.google.com\/viewer?url=https%3A%2F%2Fgadcanaribamba.gob.ec%2Fazuay%2Fwp-content%2Fuploads%2F2026%2F04%2Fcedulagastos2025-signed.pdf&hl=es&embedded=true\" class=\"gde-frame\" style=\"width:100%; height:500px; border: none;\" scrolling=\"no\"><\/iframe>\n<p class=\"gde-text\"><a href=\"https:\/\/gadcanaribamba.gob.ec\/azuay\/wp-content\/uploads\/2026\/04\/cedulagastos2025-signed.pdf\" class=\"gde-link\">Descargar (PDF, 187KB)<\/a><\/p> <iframe src=\"\/\/docs.google.com\/viewer?url=https%3A%2F%2Fgadcanaribamba.gob.ec%2Fazuay%2Fwp-content%2Fuploads%2F2026%2F04%2Fcedulaingresos2025-signed.pdf&hl=es&embedded=true\" class=\"gde-frame\" style=\"width:100%; height:500px; border: none;\" scrolling=\"no\"><\/iframe>\n<p class=\"gde-text\"><a href=\"https:\/\/gadcanaribamba.gob.ec\/azuay\/wp-content\/uploads\/2026\/04\/cedulaingresos2025-signed.pdf\" class=\"gde-link\">Descargar (PDF, 165KB)<\/a><\/p> <iframe src=\"\/\/docs.google.com\/viewer?url=https%3A%2F%2Fgadcanaribamba.gob.ec%2Fazuay%2Fwp-content%2Fuploads%2F2026%2F04%2Fejecucionpresupuestaria2025-signed.pdf&hl=es&embedded=true\" class=\"gde-frame\" style=\"width:100%; height:500px; border: none;\" scrolling=\"no\"><\/iframe>\n<p class=\"gde-text\"><a href=\"https:\/\/gadcanaribamba.gob.ec\/azuay\/wp-content\/uploads\/2026\/04\/ejecucionpresupuestaria2025-signed.pdf\" class=\"gde-link\">Descargar (PDF, 154KB)<\/a><\/p> <iframe src=\"\/\/docs.google.com\/viewer?url=https%3A%2F%2Fgadcanaribamba.gob.ec%2Fazuay%2Fwp-content%2Fuploads%2F2026%2F04%2Festadoresultados2025-signed.pdf&hl=es&embedded=true\" class=\"gde-frame\" style=\"width:100%; height:500px; border: none;\" scrolling=\"no\"><\/iframe>\n<p class=\"gde-text\"><a href=\"https:\/\/gadcanaribamba.gob.ec\/azuay\/wp-content\/uploads\/2026\/04\/estadoresultados2025-signed.pdf\" class=\"gde-link\">Descargar (PDF, 166KB)<\/a><\/p> <iframe src=\"\/\/docs.google.com\/viewer?url=https%3A%2F%2Fgadcanaribamba.gob.ec%2Fazuay%2Fwp-content%2Fuploads%2F2026%2F04%2Fflujoefectivo2025-signed.pdf&hl=es&embedded=true\" class=\"gde-frame\" style=\"width:100%; height:500px; border: none;\" scrolling=\"no\"><\/iframe>\n<p class=\"gde-text\"><a href=\"https:\/\/gadcanaribamba.gob.ec\/azuay\/wp-content\/uploads\/2026\/04\/flujoefectivo2025-signed.pdf\" class=\"gde-link\">Descargar (PDF, 155KB)<\/a><\/p> <iframe src=\"\/\/docs.google.com\/viewer?url=https%3A%2F%2Fgadcanaribamba.gob.ec%2Fazuay%2Fwp-content%2Fuploads%2F2026%2F04%2Fsituacionfinanciera2025-signed.pdf&hl=es&embedded=true\" class=\"gde-frame\" style=\"width:100%; height:500px; border: none;\" scrolling=\"no\"><\/iframe>\n<p class=\"gde-text\"><a href=\"https:\/\/gadcanaribamba.gob.ec\/azuay\/wp-content\/uploads\/2026\/04\/situacionfinanciera2025-signed.pdf\" class=\"gde-link\">Descargar (PDF, 176KB)<\/a><\/p>[vc_row][vc_column][vc_column_text]\n<p>El GAD Parroquial de San Salvador de Ca\u00f1aribamba, informa a la Poblaci\u00f3n que ha publicado el Proceso de Contrataci\u00f3n de Feria Inclusiva \u201cFI-GADPRSSC-2011-2025\u2013 00001\u201d &#8220;SERVICIO EXTERNALIZADO DE ALIMENTACI\u00d3N PARA EL CENTRO DE DESARROLLO INFANTIL CDI NUEVO PORVENIR.&#8221;<a href=\"https:\/\/www.compraspublicas.gob.ec\/ProcesoContratacion\/compras\/PC\/informacionProcesoContratacion2.cpe?idSoliCompra=19gcD5mZPFu6g3QRVgWTxUVrTzkakvBWGPnd1oclJFA,\"><iframe src=\"\/\/docs.google.com\/viewer?url=https%3A%2F%2Fgadcanaribamba.gob.ec%2Fazuay%2Fwp-content%2Fuploads%2F2025%2F05%2FCCONVOCATORIA-FI-2025-signed.pdf&hl=es&embedded=true\" class=\"gde-frame\" style=\"width:100%; height:500px; border: none;\" scrolling=\"no\"><\/iframe>\n<p class=\"gde-text\"><a href=\"https:\/\/gadcanaribamba.gob.ec\/azuay\/wp-content\/uploads\/2025\/05\/CCONVOCATORIA-FI-2025-signed.pdf\" class=\"gde-link\">Descargar (PDF, 898KB)<\/a><\/p> <iframe src=\"\/\/docs.google.com\/viewer?url=https%3A%2F%2Fgadcanaribamba.gob.ec%2Fazuay%2Fwp-content%2Fuploads%2F2025%2F05%2FFORMUALRIO-OFERTA.pdf&hl=es&embedded=true\" class=\"gde-frame\" style=\"width:100%; height:500px; border: none;\" scrolling=\"no\"><\/iframe>\n<p class=\"gde-text\"><a href=\"https:\/\/gadcanaribamba.gob.ec\/azuay\/wp-content\/uploads\/2025\/05\/FORMUALRIO-OFERTA.pdf\" class=\"gde-link\">Descargar (PDF, 958KB)<\/a><\/p> <iframe src=\"\/\/docs.google.com\/viewer?url=https%3A%2F%2Fgadcanaribamba.gob.ec%2Fazuay%2Fwp-content%2Fuploads%2F2025%2F05%2FPLIEGO-FIRMADO-2025.pdf&hl=es&embedded=true\" class=\"gde-frame\" style=\"width:100%; height:500px; border: none;\" scrolling=\"no\"><\/iframe>\n<p class=\"gde-text\"><a href=\"https:\/\/gadcanaribamba.gob.ec\/azuay\/wp-content\/uploads\/2025\/05\/PLIEGO-FIRMADO-2025.pdf\" class=\"gde-link\">Descargar (PDF, 1.96MB)<\/a><\/p> <iframe src=\"\/\/docs.google.com\/viewer?url=https%3A%2F%2Fgadcanaribamba.gob.ec%2Fazuay%2Fwp-content%2Fuploads%2F2025%2F05%2FRESOLUCION-FIRMADA-INICIO.pdf&hl=es&embedded=true\" class=\"gde-frame\" style=\"width:100%; height:500px; border: none;\" scrolling=\"no\"><\/iframe>\n<p class=\"gde-text\"><a href=\"https:\/\/gadcanaribamba.gob.ec\/azuay\/wp-content\/uploads\/2025\/05\/RESOLUCION-FIRMADA-INICIO.pdf\" class=\"gde-link\">Descargar (PDF, 389KB)<\/a><\/p>https:\/\/www.compraspublicas.gob.ec\/ProcesoContratacion\/compras\/PC\/informacionProcesoContratacion2.cpe?idSoliCompra=19gcD5mZPFu6g3QRVgWTxUVrTzkakvBWGPnd1oclJFA,<\/a>[\/vc_column_text][\/vc_column][\/vc_row][vc_row][vc_column][vc_basic_grid post_type=&#8221;post&#8221; max_items=&#8221;9&#8243; grid_id=&#8221;vc_gid:1759961595682-27668fdf-3f4f-4&#8243;][\/vc_column][\/vc_row]\n","protected":false},"excerpt":{"rendered":"<p>ESTADOS FINANCIEROS 2025 DEL GAD PARROQUIAL RURAL DE SAN SALVADOR DE CA\u00d1ARIBAMBA &nbsp; &nbsp; [vc_row][vc_column][vc_column_text] El GAD Parroquial de San Salvador de Ca\u00f1aribamba, informa a la Poblaci\u00f3n que ha publicado el Proceso de Contrataci\u00f3n de Feria Inclusiva \u201cFI-GADPRSSC-2011-2025\u2013 00001\u201d &#8220;SERVICIO EXTERNALIZADO DE ALIMENTACI\u00d3N PARA EL CENTRO DE DESARROLLO INFANTIL CDI NUEVO PORVENIR.&#8221; https:\/\/www.compraspublicas.gob.ec\/ProcesoContratacion\/compras\/PC\/informacionProcesoContratacion2.cpe?idSoliCompra=19gcD5mZPFu6g3QRVgWTxUVrTzkakvBWGPnd1oclJFA,[\/vc_column_text][\/vc_column][\/vc_row][vc_row][vc_column][vc_basic_grid post_type=&#8221;post&#8221; max_items=&#8221;9&#8243; [&hellip;]<\/p>\n","protected":false},"author":6,"featured_media":0,"parent":0,"menu_order":0,"comment_status":"closed","ping_status":"closed","template":"","meta":{"footnotes":""},"class_list":["post-835","page","type-page","status-publish","hentry"],"yoast_head":"<!-- This site is optimized with the Yoast SEO plugin v27.0 - https:\/\/yoast.com\/product\/yoast-seo-wordpress\/ -->\n<title>Noticias - GAD Parroquial de Ca\u00f1aribamba<\/title>\n<meta name=\"robots\" content=\"index, follow, max-snippet:-1, max-image-preview:large, max-video-preview:-1\" \/>\n<link rel=\"canonical\" href=\"https:\/\/gadcanaribamba.gob.ec\/azuay\/?page_id=835\" \/>\n<meta property=\"og:locale\" content=\"es_ES\" \/>\n<meta property=\"og:type\" content=\"article\" \/>\n<meta property=\"og:title\" content=\"Noticias - GAD Parroquial de Ca\u00f1aribamba\" \/>\n<meta property=\"og:description\" content=\"ESTADOS FINANCIEROS 2025 DEL GAD PARROQUIAL RURAL DE SAN SALVADOR DE CA\u00d1ARIBAMBA &nbsp; &nbsp; [vc_row][vc_column][vc_column_text] El GAD Parroquial de San Salvador de Ca\u00f1aribamba, informa a la Poblaci\u00f3n que ha publicado el Proceso de Contrataci\u00f3n de Feria Inclusiva \u201cFI-GADPRSSC-2011-2025\u2013 00001\u201d &#8220;SERVICIO EXTERNALIZADO DE ALIMENTACI\u00d3N PARA EL CENTRO DE DESARROLLO INFANTIL CDI NUEVO PORVENIR.&#8221; https:\/\/www.compraspublicas.gob.ec\/ProcesoContratacion\/compras\/PC\/informacionProcesoContratacion2.cpe?idSoliCompra=19gcD5mZPFu6g3QRVgWTxUVrTzkakvBWGPnd1oclJFA,[\/vc_column_text][\/vc_column][\/vc_row][vc_row][vc_column][vc_basic_grid post_type=&#8221;post&#8221; max_items=&#8221;9&#8243; [&hellip;]\" \/>\n<meta property=\"og:url\" content=\"https:\/\/gadcanaribamba.gob.ec\/azuay\/?page_id=835\" \/>\n<meta property=\"og:site_name\" content=\"GAD Parroquial de Ca\u00f1aribamba\" \/>\n<meta property=\"article:modified_time\" content=\"2026-04-09T20:38:10+00:00\" \/>\n<meta name=\"twitter:card\" content=\"summary_large_image\" \/>\n<meta name=\"twitter:label1\" content=\"Tiempo de lectura\" \/>\n\t<meta name=\"twitter:data1\" content=\"1 minuto\" \/>\n<script type=\"application\/ld+json\" class=\"yoast-schema-graph\">{\"@context\":\"https:\/\/schema.org\",\"@graph\":[{\"@type\":\"WebPage\",\"@id\":\"https:\/\/gadcanaribamba.gob.ec\/azuay\/?page_id=835\",\"url\":\"https:\/\/gadcanaribamba.gob.ec\/azuay\/?page_id=835\",\"name\":\"Noticias - GAD Parroquial de Ca\u00f1aribamba\",\"isPartOf\":{\"@id\":\"https:\/\/gadcanaribamba.gob.ec\/azuay\/#website\"},\"datePublished\":\"2025-05-16T15:55:51+00:00\",\"dateModified\":\"2026-04-09T20:38:10+00:00\",\"breadcrumb\":{\"@id\":\"https:\/\/gadcanaribamba.gob.ec\/azuay\/?page_id=835#breadcrumb\"},\"inLanguage\":\"es\",\"potentialAction\":[{\"@type\":\"ReadAction\",\"target\":[\"https:\/\/gadcanaribamba.gob.ec\/azuay\/?page_id=835\"]}]},{\"@type\":\"BreadcrumbList\",\"@id\":\"https:\/\/gadcanaribamba.gob.ec\/azuay\/?page_id=835#breadcrumb\",\"itemListElement\":[{\"@type\":\"ListItem\",\"position\":1,\"name\":\"Home\",\"item\":\"https:\/\/gadcanaribamba.gob.ec\/azuay\/\"},{\"@type\":\"ListItem\",\"position\":2,\"name\":\"Noticias\"}]},{\"@type\":\"WebSite\",\"@id\":\"https:\/\/gadcanaribamba.gob.ec\/azuay\/#website\",\"url\":\"https:\/\/gadcanaribamba.gob.ec\/azuay\/\",\"name\":\"GAD Parroquial de Ca\u00f1aribamba\",\"description\":\"Sitio Oficial del GAD Parroquial de Ca\u00f1aribamba Azuay\",\"potentialAction\":[{\"@type\":\"SearchAction\",\"target\":{\"@type\":\"EntryPoint\",\"urlTemplate\":\"https:\/\/gadcanaribamba.gob.ec\/azuay\/?s={search_term_string}\"},\"query-input\":{\"@type\":\"PropertyValueSpecification\",\"valueRequired\":true,\"valueName\":\"search_term_string\"}}],\"inLanguage\":\"es\"}]}<\/script>\n<!-- \/ Yoast SEO plugin. -->","yoast_head_json":{"title":"Noticias - GAD Parroquial de Ca\u00f1aribamba","robots":{"index":"index","follow":"follow","max-snippet":"max-snippet:-1","max-image-preview":"max-image-preview:large","max-video-preview":"max-video-preview:-1"},"canonical":"https:\/\/gadcanaribamba.gob.ec\/azuay\/?page_id=835","og_locale":"es_ES","og_type":"article","og_title":"Noticias - GAD Parroquial de Ca\u00f1aribamba","og_description":"ESTADOS FINANCIEROS 2025 DEL GAD PARROQUIAL RURAL DE SAN SALVADOR DE CA\u00d1ARIBAMBA &nbsp; &nbsp; [vc_row][vc_column][vc_column_text] El GAD Parroquial de San Salvador de Ca\u00f1aribamba, informa a la Poblaci\u00f3n que ha publicado el Proceso de Contrataci\u00f3n de Feria Inclusiva \u201cFI-GADPRSSC-2011-2025\u2013 00001\u201d &#8220;SERVICIO EXTERNALIZADO DE ALIMENTACI\u00d3N PARA EL CENTRO DE DESARROLLO INFANTIL CDI NUEVO PORVENIR.&#8221; https:\/\/www.compraspublicas.gob.ec\/ProcesoContratacion\/compras\/PC\/informacionProcesoContratacion2.cpe?idSoliCompra=19gcD5mZPFu6g3QRVgWTxUVrTzkakvBWGPnd1oclJFA,[\/vc_column_text][\/vc_column][\/vc_row][vc_row][vc_column][vc_basic_grid post_type=&#8221;post&#8221; max_items=&#8221;9&#8243; [&hellip;]","og_url":"https:\/\/gadcanaribamba.gob.ec\/azuay\/?page_id=835","og_site_name":"GAD Parroquial de Ca\u00f1aribamba","article_modified_time":"2026-04-09T20:38:10+00:00","twitter_card":"summary_large_image","twitter_misc":{"Tiempo de lectura":"1 minuto"},"schema":{"@context":"https:\/\/schema.org","@graph":[{"@type":"WebPage","@id":"https:\/\/gadcanaribamba.gob.ec\/azuay\/?page_id=835","url":"https:\/\/gadcanaribamba.gob.ec\/azuay\/?page_id=835","name":"Noticias - GAD Parroquial de Ca\u00f1aribamba","isPartOf":{"@id":"https:\/\/gadcanaribamba.gob.ec\/azuay\/#website"},"datePublished":"2025-05-16T15:55:51+00:00","dateModified":"2026-04-09T20:38:10+00:00","breadcrumb":{"@id":"https:\/\/gadcanaribamba.gob.ec\/azuay\/?page_id=835#breadcrumb"},"inLanguage":"es","potentialAction":[{"@type":"ReadAction","target":["https:\/\/gadcanaribamba.gob.ec\/azuay\/?page_id=835"]}]},{"@type":"BreadcrumbList","@id":"https:\/\/gadcanaribamba.gob.ec\/azuay\/?page_id=835#breadcrumb","itemListElement":[{"@type":"ListItem","position":1,"name":"Home","item":"https:\/\/gadcanaribamba.gob.ec\/azuay\/"},{"@type":"ListItem","position":2,"name":"Noticias"}]},{"@type":"WebSite","@id":"https:\/\/gadcanaribamba.gob.ec\/azuay\/#website","url":"https:\/\/gadcanaribamba.gob.ec\/azuay\/","name":"GAD Parroquial de Ca\u00f1aribamba","description":"Sitio Oficial del GAD Parroquial de Ca\u00f1aribamba Azuay","potentialAction":[{"@type":"SearchAction","target":{"@type":"EntryPoint","urlTemplate":"https:\/\/gadcanaribamba.gob.ec\/azuay\/?s={search_term_string}"},"query-input":{"@type":"PropertyValueSpecification","valueRequired":true,"valueName":"search_term_string"}}],"inLanguage":"es"}]}},"_links":{"self":[{"href":"https:\/\/gadcanaribamba.gob.ec\/azuay\/index.php?rest_route=\/wp\/v2\/pages\/835","targetHints":{"allow":["GET"]}}],"collection":[{"href":"https:\/\/gadcanaribamba.gob.ec\/azuay\/index.php?rest_route=\/wp\/v2\/pages"}],"about":[{"href":"https:\/\/gadcanaribamba.gob.ec\/azuay\/index.php?rest_route=\/wp\/v2\/types\/page"}],"author":[{"embeddable":true,"href":"https:\/\/gadcanaribamba.gob.ec\/azuay\/index.php?rest_route=\/wp\/v2\/users\/6"}],"replies":[{"embeddable":true,"href":"https:\/\/gadcanaribamba.gob.ec\/azuay\/index.php?rest_route=%2Fwp%2Fv2%2Fcomments&post=835"}],"version-history":[{"count":6,"href":"https:\/\/gadcanaribamba.gob.ec\/azuay\/index.php?rest_route=\/wp\/v2\/pages\/835\/revisions"}],"predecessor-version":[{"id":908,"href":"https:\/\/gadcanaribamba.gob.ec\/azuay\/index.php?rest_route=\/wp\/v2\/pages\/835\/revisions\/908"}],"wp:attachment":[{"href":"https:\/\/gadcanaribamba.gob.ec\/azuay\/index.php?rest_route=%2Fwp%2Fv2%2Fmedia&parent=835"}],"curies":[{"name":"wp","href":"https:\/\/api.w.org\/{rel}","templated":true}]}}